{"id":15013,"date":"2023-10-08T18:21:53","date_gmt":"2023-10-08T17:21:53","guid":{"rendered":"https:\/\/veronica.ma\/?post_type=product&#038;p=15013"},"modified":"2023-12-05T16:56:35","modified_gmt":"2023-12-05T15:56:35","slug":"3-pieces-costume-decoliere-halloween-2","status":"publish","type":"product","link":"https:\/\/veronica.ma\/en\/produit\/3-pieces-costume-decoliere-halloween-2\/","title":{"rendered":"3 pi\u00e8ces Costume d&#8217;\u00e9coli\u00e8re Halloween"},"content":{"rendered":"","protected":false},"excerpt":{"rendered":"","protected":false},"featured_media":15018,"template":"","meta":{"_joinchat":[]},"product_cat":[207,174],"product_tag":[],"class_list":{"0":"post-15013","1":"product","2":"type-product","3":"status-publish","4":"has-post-thumbnail","6":"product_cat-collection-halloween","7":"product_cat-lingeries-fr","9":"first","10":"outofstock","11":"shipping-taxable","12":"product-type-variable"},"jetpack_sharing_enabled":true,"_links":{"self":[{"href":"https:\/\/veronica.ma\/en\/wp-json\/wp\/v2\/product\/15013","targetHints":{"allow":["GET"]}}],"collection":[{"href":"https:\/\/veronica.ma\/en\/wp-json\/wp\/v2\/product"}],"about":[{"href":"https:\/\/veronica.ma\/en\/wp-json\/wp\/v2\/types\/product"}],"version-history":[{"count":2,"href":"https:\/\/veronica.ma\/en\/wp-json\/wp\/v2\/product\/15013\/revisions"}],"predecessor-version":[{"id":15021,"href":"https:\/\/veronica.ma\/en\/wp-json\/wp\/v2\/product\/15013\/revisions\/15021"}],"wp:featuredmedia":[{"embeddable":true,"href":"https:\/\/veronica.ma\/en\/wp-json\/wp\/v2\/media\/15018"}],"wp:attachment":[{"href":"https:\/\/veronica.ma\/en\/wp-json\/wp\/v2\/media?parent=15013"}],"wp:term":[{"taxonomy":"product_cat","embeddable":true,"href":"https:\/\/veronica.ma\/en\/wp-json\/wp\/v2\/product_cat?post=15013"},{"taxonomy":"product_tag","embeddable":true,"href":"https:\/\/veronica.ma\/en\/wp-json\/wp\/v2\/product_tag?post=15013"}],"curies":[{"name":"wp","href":"https:\/\/api.w.org\/{rel}","templated":true}]}}